{"id":121,"date":"2021-06-13T14:26:59","date_gmt":"2021-06-13T17:26:59","guid":{"rendered":"http:\/\/megablocos.ind.br\/novosite\/?page_id=121"},"modified":"2021-09-17T21:41:11","modified_gmt":"2021-09-18T00:41:11","slug":"blocos-estruturais","status":"publish","type":"page","link":"https:\/\/megablocos.ind.br\/novosite\/blocos-estruturais\/","title":{"rendered":"Bloco Estrutural &#8211; Fam\u00edlia 29"},"content":{"rendered":"\n<div class=\"wp-block-media-text alignwide is-stacked-on-mobile is-vertically-aligned-top\" style=\"grid-template-columns:15% auto\"><figure class=\"wp-block-media-text__media\"><img decoding=\"async\" loading=\"lazy\" width=\"200\" height=\"269\" src=\"http:\/\/megablocos.ind.br\/novosite\/wp-content\/uploads\/2021\/06\/bloco-estrutural-09x19x29.jpg\" alt=\"bloco-estrutural-09x19x29\" class=\"wp-image-435 size-full\"\/><\/figure><div class=\"wp-block-media-text__content\">\n<p class=\"has-large-font-size\">Blocos de Concreto Estruturais A, B e C<\/p>\n\n\n\n<p><strong>ABNT NBR 6136<\/strong><\/p>\n\n\n\n<p>fam\u00edlia 29<\/p>\n\n\n\n<p><strong>Largura: <\/strong>09cm |  <strong>Altura: <\/strong>19cm | <strong>Comprimento: <\/strong> 29cm<\/p>\n\n\n\n<p><\/p>\n<\/div><\/div>\n\n\n\n<div class=\"wp-block-media-text alignwide is-stacked-on-mobile is-vertically-aligned-top\" style=\"grid-template-columns:15% auto\"><figure class=\"wp-block-media-text__media\"><img decoding=\"async\" loading=\"lazy\" width=\"200\" height=\"252\" src=\"http:\/\/megablocos.ind.br\/novosite\/wp-content\/uploads\/2021\/06\/bloco-estrutural-14x19x29.jpg\" alt=\"bloco-estrutural-14x19x29\" class=\"wp-image-438 size-medium\"\/><\/figure><div class=\"wp-block-media-text__content\">\n<p class=\"has-large-font-size\">Blocos de Concreto Estruturais A, B e C <\/p>\n\n\n\n<p><strong>ABNT NBR 6136<\/strong><\/p>\n\n\n\n<p>fam\u00edlia 29<\/p>\n\n\n\n<p><strong>Largura:  <\/strong>14cm |  <strong>Altura: <\/strong>19cm | <strong>Comprimento: <\/strong> 29cm<\/p>\n\n\n\n<p><\/p>\n<\/div><\/div>\n\n\n\n<div class=\"wp-block-media-text alignwide is-stacked-on-mobile is-vertically-aligned-top\" style=\"grid-template-columns:15% auto\"><figure class=\"wp-block-media-text__media\"><img decoding=\"async\" loading=\"lazy\" width=\"267\" height=\"300\" src=\"http:\/\/megablocos.ind.br\/novosite\/wp-content\/uploads\/2021\/06\/bloco-estrutural-14x-9x29-1-267x300.jpg\" alt=\"Bloco 14 x 9 x 29\" class=\"wp-image-409 size-medium\" srcset=\"https:\/\/megablocos.ind.br\/novosite\/wp-content\/uploads\/2021\/06\/bloco-estrutural-14x-9x29-1-267x300.jpg 267w, https:\/\/megablocos.ind.br\/novosite\/wp-content\/uploads\/2021\/06\/bloco-estrutural-14x-9x29-1.jpg 416w\" sizes=\"(max-width: 267px) 100vw, 267px\" \/><\/figure><div class=\"wp-block-media-text__content\">\n<p class=\"has-large-font-size\">Blocos de Concreto Estruturais A, B e C <\/p>\n\n\n\n<p><strong>ABNT NBR 6136<\/strong><\/p>\n\n\n\n<p>fam\u00edlia 29<\/p>\n\n\n\n<p><strong>Largura:  <\/strong>14cm |  <strong>Altura: <\/strong>9cm | <strong>Comprimento: <\/strong> 29cm<\/p>\n\n\n\n<p><\/p>\n<\/div><\/div>\n\n\n\n<div class=\"wp-block-media-text alignwide is-stacked-on-mobile is-vertically-aligned-top\" style=\"grid-template-columns:15% auto\"><figure class=\"wp-block-media-text__media\"><img decoding=\"async\" loading=\"lazy\" width=\"200\" height=\"237\" src=\"http:\/\/megablocos.ind.br\/novosite\/wp-content\/uploads\/2021\/06\/bloco-estrutural-14x19x14.jpg\" alt=\"bloco-estrutural-14x19x14\" class=\"wp-image-440 size-medium\"\/><\/figure><div class=\"wp-block-media-text__content\">\n<p class=\"has-large-font-size\">Blocos de Concreto Estruturais A, B e C <\/p>\n\n\n\n<p><strong>ABNT NBR 6136<\/strong><\/p>\n\n\n\n<p>fam\u00edlia 29<\/p>\n\n\n\n<p><strong>Largura:  <\/strong>14cm |  <strong>Altura: <\/strong>19cm | <strong>Comprimento: <\/strong> 14cm<\/p>\n\n\n\n<p><\/p>\n<\/div><\/div>\n\n\n\n<div class=\"wp-block-media-text alignwide is-stacked-on-mobile is-vertically-aligned-top\" style=\"grid-template-columns:15% auto\"><figure class=\"wp-block-media-text__media\"><img decoding=\"async\" loading=\"lazy\" width=\"391\" height=\"583\" src=\"http:\/\/megablocos.ind.br\/novosite\/wp-content\/uploads\/2021\/06\/bloco-estrutural-14x19x44.jpg\" alt=\"bloco-estrutural-14x19x44\" class=\"wp-image-419 size-medium\" srcset=\"https:\/\/megablocos.ind.br\/novosite\/wp-content\/uploads\/2021\/06\/bloco-estrutural-14x19x44.jpg 391w, https:\/\/megablocos.ind.br\/novosite\/wp-content\/uploads\/2021\/06\/bloco-estrutural-14x19x44-201x300.jpg 201w\" sizes=\"(max-width: 391px) 100vw, 391px\" \/><\/figure><div class=\"wp-block-media-text__content\">\n<p class=\"has-large-font-size\">Blocos de Concreto Estruturais A, B e C <\/p>\n\n\n\n<p><strong>ABNT NBR 6136<\/strong><\/p>\n\n\n\n<p>fam\u00edlia 29<\/p>\n\n\n\n<p><strong>Largura:  <\/strong>14cm |  <strong>Altura: <\/strong>19cm | <strong>Comprimento: <\/strong> 44cm<\/p>\n\n\n\n<p><\/p>\n<\/div><\/div>\n\n\n\n<p><\/p>\n","protected":false},"excerpt":{"rendered":"<p>Blocos de Concreto Estruturais A, B e C ABNT NBR 6136 fam\u00edlia 29 Largura: 09cm | Altura: 19cm | Comprimento: 29cm Blocos de Concreto Estruturais A, B e C ABNT NBR 6136 fam\u00edlia 29 Largura: 14cm | Altura: 19cm | Comprimento: 29cm Blocos de Concreto Estruturais A, B e C ABNT NBR 6136 fam\u00edlia 29 [&hellip;]<\/p>\n","protected":false},"author":1,"featured_media":0,"parent":0,"menu_order":0,"comment_status":"closed","ping_status":"closed","template":"","meta":{"ngg_post_thumbnail":0},"_links":{"self":[{"href":"https:\/\/megablocos.ind.br\/novosite\/wp-json\/wp\/v2\/pages\/121"}],"collection":[{"href":"https:\/\/megablocos.ind.br\/novosite\/wp-json\/wp\/v2\/pages"}],"about":[{"href":"https:\/\/megablocos.ind.br\/novosite\/wp-json\/wp\/v2\/types\/page"}],"author":[{"embeddable":true,"href":"https:\/\/megablocos.ind.br\/novosite\/wp-json\/wp\/v2\/users\/1"}],"replies":[{"embeddable":true,"href":"https:\/\/megablocos.ind.br\/novosite\/wp-json\/wp\/v2\/comments?post=121"}],"version-history":[{"count":35,"href":"https:\/\/megablocos.ind.br\/novosite\/wp-json\/wp\/v2\/pages\/121\/revisions"}],"predecessor-version":[{"id":705,"href":"https:\/\/megablocos.ind.br\/novosite\/wp-json\/wp\/v2\/pages\/121\/revisions\/705"}],"wp:attachment":[{"href":"https:\/\/megablocos.ind.br\/novosite\/wp-json\/wp\/v2\/media?parent=121"}],"curies":[{"name":"wp","href":"https:\/\/api.w.org\/{rel}","templated":true}]}}