{"id":442,"date":"2021-06-30T21:38:00","date_gmt":"2021-07-01T00:38:00","guid":{"rendered":"http:\/\/megablocos.ind.br\/novosite\/?page_id=442"},"modified":"2021-09-10T00:18:28","modified_gmt":"2021-09-10T03:18:28","slug":"canaletas-de-concreto-estrutural-familia-29","status":"publish","type":"page","link":"https:\/\/megablocos.ind.br\/novosite\/canaletas-de-concreto-estrutural-familia-29\/","title":{"rendered":"Canaletas  &#8211; Fam\u00edlia 29"},"content":{"rendered":"\n<div class=\"wp-block-media-text alignwide is-stacked-on-mobile\" style=\"grid-template-columns:15% auto\"><figure class=\"wp-block-media-text__media\"><img decoding=\"async\" loading=\"lazy\" width=\"191\" height=\"243\" src=\"http:\/\/megablocos.ind.br\/novosite\/wp-content\/uploads\/2021\/07\/canaleta-9x19x29.jpg\" alt=\"\" class=\"wp-image-451 size-full\"\/><\/figure><div class=\"wp-block-media-text__content\">\n<p class=\"has-large-font-size\">Canaleta de Concreto Estrutural<\/p>\n\n\n\n<p><strong>ABNT NBR 6136<\/strong><\/p>\n\n\n\n<p>fam\u00edlia 29<\/p>\n\n\n\n<p><strong>Largura:<\/strong> 09cm | <strong>Altura:<\/strong> 19cm | <strong>Comprimento:<\/strong> 29cm<\/p>\n<\/div><\/div>\n\n\n\n<div class=\"wp-block-media-text alignwide is-stacked-on-mobile\" style=\"grid-template-columns:15% auto\"><figure class=\"wp-block-media-text__media\"><img decoding=\"async\" loading=\"lazy\" width=\"194\" height=\"241\" src=\"http:\/\/megablocos.ind.br\/novosite\/wp-content\/uploads\/2021\/07\/canaleta-14x19x29.jpg\" alt=\"Canaleta 14x19x29\" class=\"wp-image-454 size-full\"\/><\/figure><div class=\"wp-block-media-text__content\">\n<p class=\"has-large-font-size\">Canaleta de Concreto Estrutural<\/p>\n\n\n\n<p><strong>ABNT NBR 6136<\/strong><\/p>\n\n\n\n<p>fam\u00edlia 29<\/p>\n\n\n\n<p><strong>Largura:<\/strong> 14cm | <strong>Altura:<\/strong> 19cm | <strong>Comprimento:<\/strong> 29cm <\/p>\n<\/div><\/div>\n\n\n\n<div class=\"wp-block-media-text alignwide is-stacked-on-mobile\" style=\"grid-template-columns:15% auto\"><figure class=\"wp-block-media-text__media\"><img decoding=\"async\" loading=\"lazy\" width=\"392\" height=\"487\" src=\"http:\/\/megablocos.ind.br\/novosite\/wp-content\/uploads\/2021\/09\/Canaleta-14-x19-x14.jpg\" alt=\"Canaleta 14 x19 x14\" class=\"wp-image-652 size-full\" srcset=\"https:\/\/megablocos.ind.br\/novosite\/wp-content\/uploads\/2021\/09\/Canaleta-14-x19-x14.jpg 392w, https:\/\/megablocos.ind.br\/novosite\/wp-content\/uploads\/2021\/09\/Canaleta-14-x19-x14-241x300.jpg 241w\" sizes=\"(max-width: 392px) 100vw, 392px\" \/><\/figure><div class=\"wp-block-media-text__content\">\n<p class=\"has-large-font-size\">Canaleta de Concreto Estrutural<\/p>\n\n\n\n<p><strong>ABNT NBR 6136<\/strong><\/p>\n\n\n\n<p>fam\u00edlia 29<\/p>\n\n\n\n<p> <strong>Largura:<\/strong> 14cm | <strong>Altura:<\/strong> 19cm | <strong>Comprimento:<\/strong> 14cm  <\/p>\n<\/div><\/div>\n\n\n\n<div class=\"wp-block-media-text alignwide is-stacked-on-mobile\" style=\"grid-template-columns:15% auto\"><figure class=\"wp-block-media-text__media\"><img decoding=\"async\" loading=\"lazy\" width=\"442\" height=\"490\" src=\"http:\/\/megablocos.ind.br\/novosite\/wp-content\/uploads\/2021\/09\/canaleta-J-14-x19x29-x19.jpg\" alt=\"Canaleta J 14 x19 29 x19\" class=\"wp-image-655 size-full\" srcset=\"https:\/\/megablocos.ind.br\/novosite\/wp-content\/uploads\/2021\/09\/canaleta-J-14-x19x29-x19.jpg 442w, https:\/\/megablocos.ind.br\/novosite\/wp-content\/uploads\/2021\/09\/canaleta-J-14-x19x29-x19-271x300.jpg 271w\" sizes=\"(max-width: 442px) 100vw, 442px\" \/><\/figure><div class=\"wp-block-media-text__content\">\n<p class=\"has-large-font-size\">Canaleta de Concreto Estrutural<\/p>\n\n\n\n<p><strong>ABNT NBR 6136<\/strong><\/p>\n\n\n\n<p>fam\u00edlia 29<\/p>\n\n\n\n<p> <strong>Largura:<\/strong> 14cm | <strong>Altura:<\/strong> (19 x 29cm) | <strong>Comprimento:<\/strong> 19cm   <\/p>\n\n\n\n<p><\/p>\n<\/div><\/div>\n\n\n\n<div class=\"wp-block-media-text alignwide is-stacked-on-mobile\" style=\"grid-template-columns:15% auto\"><figure class=\"wp-block-media-text__media\"><img decoding=\"async\" loading=\"lazy\" width=\"441\" height=\"492\" src=\"http:\/\/megablocos.ind.br\/novosite\/wp-content\/uploads\/2021\/09\/canaleta-J-14-x19x31-x19.jpg\" alt=\"canaleta-J-14-x19x31-x19\" class=\"wp-image-658 size-full\" srcset=\"https:\/\/megablocos.ind.br\/novosite\/wp-content\/uploads\/2021\/09\/canaleta-J-14-x19x31-x19.jpg 441w, https:\/\/megablocos.ind.br\/novosite\/wp-content\/uploads\/2021\/09\/canaleta-J-14-x19x31-x19-269x300.jpg 269w\" sizes=\"(max-width: 441px) 100vw, 441px\" \/><\/figure><div class=\"wp-block-media-text__content\">\n<p class=\"has-large-font-size\">Canaleta de Concreto Estrutural<\/p>\n\n\n\n<p><strong>ABNT NBR 6136<\/strong><\/p>\n\n\n\n<p>fam\u00edlia 29<\/p>\n\n\n\n<p> <strong>Largura:<\/strong> 14cm | <strong>Altura:<\/strong> (19 x 31cm) | <strong>Comprimento:<\/strong> 19cm   <\/p>\n\n\n\n<p><\/p>\n<\/div><\/div>\n\n\n\n<p><\/p>\n","protected":false},"excerpt":{"rendered":"<p>Canaleta de Concreto Estrutural ABNT NBR 6136 fam\u00edlia 29 Largura: 09cm | Altura: 19cm | Comprimento: 29cm Canaleta de Concreto Estrutural ABNT NBR 6136 fam\u00edlia 29 Largura: 14cm | Altura: 19cm | Comprimento: 29cm Canaleta de Concreto Estrutural ABNT NBR 6136 fam\u00edlia 29 Largura: 14cm | Altura: 19cm | Comprimento: 14cm Canaleta de Concreto Estrutural [&hellip;]<\/p>\n","protected":false},"author":1,"featured_media":0,"parent":0,"menu_order":0,"comment_status":"closed","ping_status":"closed","template":"","meta":{"ngg_post_thumbnail":0},"_links":{"self":[{"href":"https:\/\/megablocos.ind.br\/novosite\/wp-json\/wp\/v2\/pages\/442"}],"collection":[{"href":"https:\/\/megablocos.ind.br\/novosite\/wp-json\/wp\/v2\/pages"}],"about":[{"href":"https:\/\/megablocos.ind.br\/novosite\/wp-json\/wp\/v2\/types\/page"}],"author":[{"embeddable":true,"href":"https:\/\/megablocos.ind.br\/novosite\/wp-json\/wp\/v2\/users\/1"}],"replies":[{"embeddable":true,"href":"https:\/\/megablocos.ind.br\/novosite\/wp-json\/wp\/v2\/comments?post=442"}],"version-history":[{"count":13,"href":"https:\/\/megablocos.ind.br\/novosite\/wp-json\/wp\/v2\/pages\/442\/revisions"}],"predecessor-version":[{"id":660,"href":"https:\/\/megablocos.ind.br\/novosite\/wp-json\/wp\/v2\/pages\/442\/revisions\/660"}],"wp:attachment":[{"href":"https:\/\/megablocos.ind.br\/novosite\/wp-json\/wp\/v2\/media?parent=442"}],"curies":[{"name":"wp","href":"https:\/\/api.w.org\/{rel}","templated":true}]}}