{"id":444,"date":"2021-06-30T21:39:01","date_gmt":"2021-07-01T00:39:01","guid":{"rendered":"http:\/\/megablocos.ind.br\/novosite\/?page_id=444"},"modified":"2021-09-10T00:18:26","modified_gmt":"2021-09-10T03:18:26","slug":"canaletas-de-concreto-estrutural-familia-39","status":"publish","type":"page","link":"https:\/\/megablocos.ind.br\/novosite\/canaletas-de-concreto-estrutural-familia-39\/","title":{"rendered":"Canaletas &#8211; Fam\u00edlia 39"},"content":{"rendered":"\n<div class=\"wp-block-media-text alignwide is-stacked-on-mobile\" style=\"grid-template-columns:15% auto\"><figure class=\"wp-block-media-text__media\"><img decoding=\"async\" loading=\"lazy\" width=\"215\" height=\"244\" src=\"http:\/\/megablocos.ind.br\/novosite\/wp-content\/uploads\/2021\/07\/canaleta-fam-39-9x19x39.jpg\" alt=\"\" class=\"wp-image-465 size-full\"\/><\/figure><div class=\"wp-block-media-text__content\">\n<p class=\"has-large-font-size\">Canaleta de Concreto Estrutural<\/p>\n\n\n\n<p><strong>ABNT NBR 6136<\/strong><\/p>\n\n\n\n<p>fam\u00edlia 39<\/p>\n\n\n\n<p> <strong>Largura:<\/strong> 9cm | <strong>Altura:<\/strong> 19cm | <strong>Comprimento:<\/strong> 39cm <\/p>\n<\/div><\/div>\n\n\n\n<div class=\"wp-block-media-text alignwide is-stacked-on-mobile\" style=\"grid-template-columns:15% auto\"><figure class=\"wp-block-media-text__media\"><img decoding=\"async\" loading=\"lazy\" width=\"375\" height=\"500\" src=\"http:\/\/megablocos.ind.br\/novosite\/wp-content\/uploads\/2021\/09\/bloco-9x19x19.jpg\" alt=\"Canaleta 9 x 19 x 19\" class=\"wp-image-665 size-full\" srcset=\"https:\/\/megablocos.ind.br\/novosite\/wp-content\/uploads\/2021\/09\/bloco-9x19x19.jpg 375w, https:\/\/megablocos.ind.br\/novosite\/wp-content\/uploads\/2021\/09\/bloco-9x19x19-225x300.jpg 225w\" sizes=\"(max-width: 375px) 100vw, 375px\" \/><\/figure><div class=\"wp-block-media-text__content\">\n<p class=\"has-large-font-size\">Canaleta de Concreto Estrutural<\/p>\n\n\n\n<p><strong>ABNT NBR 6136<\/strong><\/p>\n\n\n\n<p>fam\u00edlia 39<\/p>\n\n\n\n<p> <strong>Largura:<\/strong> 9cm | <strong>Altura:<\/strong> 19cm | <strong>Comprimento:<\/strong> 19cm <\/p>\n<\/div><\/div>\n\n\n\n<div class=\"wp-block-media-text alignwide is-stacked-on-mobile\" style=\"grid-template-columns:15% auto\"><figure class=\"wp-block-media-text__media\"><img decoding=\"async\" loading=\"lazy\" width=\"395\" height=\"460\" src=\"http:\/\/megablocos.ind.br\/novosite\/wp-content\/uploads\/2021\/09\/canaleta-fam-14-9x19x39.jpg\" alt=\"Canaleta 14 x 19 x39\" class=\"wp-image-667 size-full\" srcset=\"https:\/\/megablocos.ind.br\/novosite\/wp-content\/uploads\/2021\/09\/canaleta-fam-14-9x19x39.jpg 395w, https:\/\/megablocos.ind.br\/novosite\/wp-content\/uploads\/2021\/09\/canaleta-fam-14-9x19x39-258x300.jpg 258w\" sizes=\"(max-width: 395px) 100vw, 395px\" \/><\/figure><div class=\"wp-block-media-text__content\">\n<p class=\"has-large-font-size\">Canaleta de Concreto Estrutural<\/p>\n\n\n\n<p><strong>ABNT NBR 6136<\/strong><\/p>\n\n\n\n<p>fam\u00edlia 39<\/p>\n\n\n\n<p><strong>Largura:<\/strong> 14cm | <strong>Altura:<\/strong> 19cm | <strong>Comprimento:<\/strong> 39cm <\/p>\n<\/div><\/div>\n\n\n\n<div class=\"wp-block-media-text alignwide is-stacked-on-mobile\" style=\"grid-template-columns:15% auto\"><figure class=\"wp-block-media-text__media\"><img decoding=\"async\" loading=\"lazy\" width=\"373\" height=\"479\" src=\"http:\/\/megablocos.ind.br\/novosite\/wp-content\/uploads\/2021\/09\/Canaleta-14-x19-x19.jpg\" alt=\"Canaleta 14 x19 x19\" class=\"wp-image-671 size-full\" srcset=\"https:\/\/megablocos.ind.br\/novosite\/wp-content\/uploads\/2021\/09\/Canaleta-14-x19-x19.jpg 373w, https:\/\/megablocos.ind.br\/novosite\/wp-content\/uploads\/2021\/09\/Canaleta-14-x19-x19-234x300.jpg 234w\" sizes=\"(max-width: 373px) 100vw, 373px\" \/><\/figure><div class=\"wp-block-media-text__content\">\n<p class=\"has-large-font-size\">Canaleta de Concreto Estrutural<\/p>\n\n\n\n<p><strong>ABNT NBR 6136<\/strong><\/p>\n\n\n\n<p>fam\u00edlia 39<br><br><strong>Largura:<\/strong> 14cm | <strong>Altura:<\/strong> 19cm | <strong>Comprimento:<\/strong> 19cm <\/p>\n<\/div><\/div>\n\n\n\n<div class=\"wp-block-media-text alignwide is-stacked-on-mobile\" style=\"grid-template-columns:15% auto\"><figure class=\"wp-block-media-text__media\"><img decoding=\"async\" loading=\"lazy\" width=\"379\" height=\"482\" src=\"http:\/\/megablocos.ind.br\/novosite\/wp-content\/uploads\/2021\/09\/canaleta-19-x19-x-39.jpg\" alt=\"Canaleta 19 x 19 x39\" class=\"wp-image-674 size-full\" srcset=\"https:\/\/megablocos.ind.br\/novosite\/wp-content\/uploads\/2021\/09\/canaleta-19-x19-x-39.jpg 379w, https:\/\/megablocos.ind.br\/novosite\/wp-content\/uploads\/2021\/09\/canaleta-19-x19-x-39-236x300.jpg 236w\" sizes=\"(max-width: 379px) 100vw, 379px\" \/><\/figure><div class=\"wp-block-media-text__content\">\n<p class=\"has-large-font-size\">Canaleta de Concreto Estrutural<\/p>\n\n\n\n<p><strong>ABNT NBR 6136<\/strong><\/p>\n\n\n\n<p>fam\u00edlia 39<\/p>\n\n\n\n<p><strong>Largura:<\/strong> 19cm | <strong>Altura:<\/strong> 19cm | <strong>Comprimento:<\/strong> 39cm <\/p>\n<\/div><\/div>\n\n\n\n<div class=\"wp-block-media-text alignwide is-stacked-on-mobile\" style=\"grid-template-columns:15% auto\"><figure class=\"wp-block-media-text__media\"><img decoding=\"async\" loading=\"lazy\" width=\"375\" height=\"450\" src=\"http:\/\/megablocos.ind.br\/novosite\/wp-content\/uploads\/2021\/09\/canaleta-19-x19-x-19.jpg\" alt=\"Canaleta 19 x 19 x 19\" class=\"wp-image-677 size-full\" srcset=\"https:\/\/megablocos.ind.br\/novosite\/wp-content\/uploads\/2021\/09\/canaleta-19-x19-x-19.jpg 375w, https:\/\/megablocos.ind.br\/novosite\/wp-content\/uploads\/2021\/09\/canaleta-19-x19-x-19-250x300.jpg 250w\" sizes=\"(max-width: 375px) 100vw, 375px\" \/><\/figure><div class=\"wp-block-media-text__content\">\n<p class=\"has-large-font-size\">Canaleta de Concreto Estrutural<\/p>\n\n\n\n<p><strong>ABNT NBR 6136<\/strong><\/p>\n\n\n\n<p>fam\u00edlia 39<\/p>\n\n\n\n<p><strong>Largura:<\/strong> 19cm | <strong>Altura:<\/strong> 19cm | <strong>Comprimento:<\/strong> 19cm <\/p>\n<\/div><\/div>\n","protected":false},"excerpt":{"rendered":"<p>Canaleta de Concreto Estrutural ABNT NBR 6136 fam\u00edlia 39 Largura: 9cm | Altura: 19cm | Comprimento: 39cm Canaleta de Concreto Estrutural ABNT NBR 6136 fam\u00edlia 39 Largura: 9cm | Altura: 19cm | Comprimento: 19cm Canaleta de Concreto Estrutural ABNT NBR 6136 fam\u00edlia 39 Largura: 14cm | Altura: 19cm | Comprimento: 39cm Canaleta de Concreto Estrutural [&hellip;]<\/p>\n","protected":false},"author":1,"featured_media":0,"parent":0,"menu_order":0,"comment_status":"closed","ping_status":"closed","template":"","meta":{"ngg_post_thumbnail":0},"_links":{"self":[{"href":"https:\/\/megablocos.ind.br\/novosite\/wp-json\/wp\/v2\/pages\/444"}],"collection":[{"href":"https:\/\/megablocos.ind.br\/novosite\/wp-json\/wp\/v2\/pages"}],"about":[{"href":"https:\/\/megablocos.ind.br\/novosite\/wp-json\/wp\/v2\/types\/page"}],"author":[{"embeddable":true,"href":"https:\/\/megablocos.ind.br\/novosite\/wp-json\/wp\/v2\/users\/1"}],"replies":[{"embeddable":true,"href":"https:\/\/megablocos.ind.br\/novosite\/wp-json\/wp\/v2\/comments?post=444"}],"version-history":[{"count":12,"href":"https:\/\/megablocos.ind.br\/novosite\/wp-json\/wp\/v2\/pages\/444\/revisions"}],"predecessor-version":[{"id":678,"href":"https:\/\/megablocos.ind.br\/novosite\/wp-json\/wp\/v2\/pages\/444\/revisions\/678"}],"wp:attachment":[{"href":"https:\/\/megablocos.ind.br\/novosite\/wp-json\/wp\/v2\/media?parent=444"}],"curies":[{"name":"wp","href":"https:\/\/api.w.org\/{rel}","templated":true}]}}