{"id":56,"date":"2021-06-08T15:05:56","date_gmt":"2021-06-08T18:05:56","guid":{"rendered":"http:\/\/megablocos.ind.br\/novosite\/?page_id=56"},"modified":"2021-08-31T16:35:57","modified_gmt":"2021-08-31T19:35:57","slug":"empresa","status":"publish","type":"page","link":"https:\/\/megablocos.ind.br\/novosite\/empresa\/","title":{"rendered":"Empresa"},"content":{"rendered":"\n<div class=\"wp-block-columns is-layout-flex wp-container-2\">\n<div class=\"wp-block-column is-layout-flow\" style=\"flex-basis:66.66%\">\n<p class=\"has-text-align-left\">Fundada em 1981 pelo Eng.Civil Cesar Villela, a Mega Blocos \u2013 Artefatos de Concreto, vem buscando no decorrer de quatro d\u00e9cadas se solidificar no mercado de Constru\u00e7\u00e3o Civil no Rio de Janeiro, sempre visando atender com qualidade os seus clientes, respeitando a sociedade civil, o meio ambiente e contribuindo com a economia do pa\u00eds, gerando centenas de empregos diretos e indiretos.<\/p>\n\n\n\n<p class=\"has-text-align-left\">Baseada em tr\u00eas pilares \u2013 Respeito, Disciplina e Trabalho, a Mega Blocos se consolidou no mercado de constru\u00e7\u00e3o civil, adquirindo o respeito de seus concorrentes e a confian\u00e7a de seus clientes, se tornando refer\u00eancia em seu segmento (artefatos de concreto).<\/p>\n\n\n\n<p class=\"has-text-align-left\">Ao longo dos \u00faltimos 40 anos, a Mega Blocos sempre buscou adquirir os melhores equipamentos e mat\u00e9ria prima no mercado, contratando e treinando m\u00e3o de obra qualificada, inovando em seus processos, para que dessa forma a busca pela excel\u00eancia seja uma constante em todos os setores da empresa.<\/p>\n\n\n\n<p class=\"has-text-align-left\">Atualmente a Mega Blocos possui um controle de Qualidade rigoroso, todos os seus produtos passam por avalia\u00e7\u00f5es em laborat\u00f3rios internos e externos e seus clientes s\u00e3o convidados a conhecer a f\u00e1brica e seus processos de fabrica\u00e7\u00e3o.<\/p>\n\n\n\n<p class=\"has-text-align-left\">A Mega Blocos t\u00eam papel consistente na busca pela melhoria e consolida\u00e7\u00e3o dos produtos de artefatos de concreto dentro do mercado de Constru\u00e7\u00e3o Civil e os certificados PSQ e ABCP.<\/p>\n<\/div>\n<\/div>\n\n\n\n<p><\/p>\n","protected":false},"excerpt":{"rendered":"<p>Fundada em 1981 pelo Eng.Civil Cesar Villela, a Mega Blocos \u2013 Artefatos de Concreto, vem buscando no decorrer de quatro d\u00e9cadas se solidificar no mercado de Constru\u00e7\u00e3o Civil no Rio de Janeiro, sempre visando atender com qualidade os seus clientes, respeitando a sociedade civil, o meio ambiente e contribuindo com a economia do pa\u00eds, gerando [&hellip;]<\/p>\n","protected":false},"author":1,"featured_media":0,"parent":0,"menu_order":0,"comment_status":"closed","ping_status":"closed","template":"","meta":{"ngg_post_thumbnail":0},"_links":{"self":[{"href":"https:\/\/megablocos.ind.br\/novosite\/wp-json\/wp\/v2\/pages\/56"}],"collection":[{"href":"https:\/\/megablocos.ind.br\/novosite\/wp-json\/wp\/v2\/pages"}],"about":[{"href":"https:\/\/megablocos.ind.br\/novosite\/wp-json\/wp\/v2\/types\/page"}],"author":[{"embeddable":true,"href":"https:\/\/megablocos.ind.br\/novosite\/wp-json\/wp\/v2\/users\/1"}],"replies":[{"embeddable":true,"href":"https:\/\/megablocos.ind.br\/novosite\/wp-json\/wp\/v2\/comments?post=56"}],"version-history":[{"count":9,"href":"https:\/\/megablocos.ind.br\/novosite\/wp-json\/wp\/v2\/pages\/56\/revisions"}],"predecessor-version":[{"id":566,"href":"https:\/\/megablocos.ind.br\/novosite\/wp-json\/wp\/v2\/pages\/56\/revisions\/566"}],"wp:attachment":[{"href":"https:\/\/megablocos.ind.br\/novosite\/wp-json\/wp\/v2\/media?parent=56"}],"curies":[{"name":"wp","href":"https:\/\/api.w.org\/{rel}","templated":true}]}}